{"id":1100,"date":"2020-03-10T18:00:12","date_gmt":"2020-03-10T21:00:12","guid":{"rendered":"https:\/\/imprentadubie.com.ar\/web\/?post_type=product&#038;p=1100"},"modified":"2025-07-27T12:33:20","modified_gmt":"2025-07-27T15:33:20","slug":"cartel-de-horario-en-vinilo-blanco","status":"publish","type":"product","link":"https:\/\/imprentadubie.com.ar\/web\/producto\/cartel-de-horario-en-vinilo-blanco\/","title":{"rendered":"Cartel de Horario en Vinilo Blanco"},"content":{"rendered":"","protected":false},"excerpt":{"rendered":"<p>Se pueden editar solo los d\u00edas y horarios<br \/>\nMaterial: Vinilo de corte Blanco<br \/>\nMedida: 27x18cm.<br \/>\nCantidad: 1 unidad<\/p>\n<p><strong><em>ENVIAR ESPECIFICACIONES A: <a href=\"mailto:info@dubie.com.ar\">info@dubie.com.ar<\/a><\/em><\/strong><\/p>\n<p><strong><em>TIEMPO DE PRODUCCI\u00d3N: 2 A 3 D\u00cdAS H\u00c1BILES<\/em><\/strong><\/p>\n","protected":false},"featured_media":1332,"comment_status":"open","ping_status":"closed","template":"","meta":[],"product_brand":[],"product_cat":[214,213,15],"product_tag":[64,59,66,212,60,65],"class_list":{"0":"post-1100","1":"product","2":"type-product","3":"status-publish","4":"has-post-thumbnail","6":"product_cat-carteles","7":"product_cat-horarios","8":"product_cat-ver-todo","9":"product_tag-blanco","10":"product_tag-cartel","11":"product_tag-corte","12":"product_tag-horario","13":"product_tag-venta","14":"product_tag-vinilo","15":"product_shipping_class-envio-pack","17":"first","18":"instock","19":"shipping-taxable","20":"purchasable","21":"product-type-variable","22":"has-default-attributes"},"_links":{"self":[{"href":"https:\/\/imprentadubie.com.ar\/web\/wp-json\/wp\/v2\/product\/1100","targetHints":{"allow":["GET"]}}],"collection":[{"href":"https:\/\/imprentadubie.com.ar\/web\/wp-json\/wp\/v2\/product"}],"about":[{"href":"https:\/\/imprentadubie.com.ar\/web\/wp-json\/wp\/v2\/types\/product"}],"replies":[{"embeddable":true,"href":"https:\/\/imprentadubie.com.ar\/web\/wp-json\/wp\/v2\/comments?post=1100"}],"wp:featuredmedia":[{"embeddable":true,"href":"https:\/\/imprentadubie.com.ar\/web\/wp-json\/wp\/v2\/media\/1332"}],"wp:attachment":[{"href":"https:\/\/imprentadubie.com.ar\/web\/wp-json\/wp\/v2\/media?parent=1100"}],"wp:term":[{"taxonomy":"product_brand","embeddable":true,"href":"https:\/\/imprentadubie.com.ar\/web\/wp-json\/wp\/v2\/product_brand?post=1100"},{"taxonomy":"product_cat","embeddable":true,"href":"https:\/\/imprentadubie.com.ar\/web\/wp-json\/wp\/v2\/product_cat?post=1100"},{"taxonomy":"product_tag","embeddable":true,"href":"https:\/\/imprentadubie.com.ar\/web\/wp-json\/wp\/v2\/product_tag?post=1100"}],"curies":[{"name":"wp","href":"https:\/\/api.w.org\/{rel}","templated":true}]}}