{"id":2111,"date":"2020-11-03T15:44:00","date_gmt":"2020-11-03T18:44:00","guid":{"rendered":"https:\/\/imprentadubie.com.ar\/web\/?post_type=product&#038;p=2111"},"modified":"2025-11-08T10:43:32","modified_gmt":"2025-11-08T13:43:32","slug":"calendarios-colgantes-con-varilla-x100","status":"publish","type":"product","link":"https:\/\/imprentadubie.com.ar\/web\/producto\/calendarios-colgantes-con-varilla-x100\/","title":{"rendered":"Calendarios Colgantes con Varilla x100"},"content":{"rendered":"<p><em><strong>Si hay que armar el dise\u00f1o, se agregan m\u00e1s d\u00edas al tiempo de producci\u00f3n (con su costo correspondiente)&#8230;<\/strong><\/em><\/p>\n<p><em>IMPORTANTE: En el caso de desear el armado del dise\u00f1o, debe agregar el adicional al carrito antes de finalizar la compra.<\/em><\/p>\n<p><em><strong>Ver y agregar adicional <a href=\"https:\/\/imprentadubie.com.ar\/web\/categoria-producto\/disenos\/adicional-diseno-productos-frente\/\">AQU\u00cd<\/a><\/strong><\/em><\/p>\n","protected":false},"excerpt":{"rendered":"<p>Calendarios Colgantes con Varilla<br \/>\nMaterial: Papel Ilustraci\u00f3n Mate de 150 grs.<br \/>\nMedida: 31&#215;46 cm.<br \/>\nCantidad: 100 unidades<\/p>\n","protected":false},"featured_media":2100,"comment_status":"open","ping_status":"closed","template":"","meta":[],"product_brand":[],"product_cat":[337,342,15],"product_tag":[209,343,344,193,346],"class_list":{"0":"post-2111","1":"product","2":"type-product","3":"status-publish","4":"has-post-thumbnail","6":"product_cat-almanaques","7":"product_cat-calendarios","8":"product_cat-ver-todo","9":"product_tag-209","10":"product_tag-calendarios","11":"product_tag-colgantes","12":"product_tag-grs","13":"product_tag-varilla","14":"product_shipping_class-a-cargo-del-cliente","16":"first","17":"instock","18":"shipping-taxable","19":"purchasable","20":"product-type-variable","21":"has-default-attributes"},"_links":{"self":[{"href":"https:\/\/imprentadubie.com.ar\/web\/wp-json\/wp\/v2\/product\/2111","targetHints":{"allow":["GET"]}}],"collection":[{"href":"https:\/\/imprentadubie.com.ar\/web\/wp-json\/wp\/v2\/product"}],"about":[{"href":"https:\/\/imprentadubie.com.ar\/web\/wp-json\/wp\/v2\/types\/product"}],"replies":[{"embeddable":true,"href":"https:\/\/imprentadubie.com.ar\/web\/wp-json\/wp\/v2\/comments?post=2111"}],"wp:featuredmedia":[{"embeddable":true,"href":"https:\/\/imprentadubie.com.ar\/web\/wp-json\/wp\/v2\/media\/2100"}],"wp:attachment":[{"href":"https:\/\/imprentadubie.com.ar\/web\/wp-json\/wp\/v2\/media?parent=2111"}],"wp:term":[{"taxonomy":"product_brand","embeddable":true,"href":"https:\/\/imprentadubie.com.ar\/web\/wp-json\/wp\/v2\/product_brand?post=2111"},{"taxonomy":"product_cat","embeddable":true,"href":"https:\/\/imprentadubie.com.ar\/web\/wp-json\/wp\/v2\/product_cat?post=2111"},{"taxonomy":"product_tag","embeddable":true,"href":"https:\/\/imprentadubie.com.ar\/web\/wp-json\/wp\/v2\/product_tag?post=2111"}],"curies":[{"name":"wp","href":"https:\/\/api.w.org\/{rel}","templated":true}]}}