{"id":3365,"date":"2021-08-18T11:49:16","date_gmt":"2021-08-18T14:49:16","guid":{"rendered":"https:\/\/imprentadubie.com.ar\/web\/?post_type=product&#038;p=3365"},"modified":"2025-09-09T15:19:08","modified_gmt":"2025-09-09T18:19:08","slug":"posavasos-de-carton-personalizados-x100","status":"publish","type":"product","link":"https:\/\/imprentadubie.com.ar\/web\/producto\/posavasos-de-carton-personalizados-x100\/","title":{"rendered":"Posavasos Personalizados x100"},"content":{"rendered":"<p><em><strong>Si hay que armar el dise\u00f1o, se agregan m\u00e1s d\u00edas al tiempo de producci\u00f3n (con su costo correspondiente)&#8230;<\/strong><\/em><\/p>\n<p><em>IMPORTANTE: En el caso de desear el armado del dise\u00f1o, debe agregar el adicional al carrito antes de finalizar la compra.<\/em><\/p>\n<p><em><strong>Ver y agregar adicional <a href=\"https:\/\/imprentadubie.com.ar\/web\/categoria-producto\/disenos\/adicional-diseno-productos-frente\/\">AQU\u00cd<\/a><\/strong><\/em><\/p>\n","protected":false},"excerpt":{"rendered":"<p>Impresi\u00f3n de frente con laminado brillo<br \/>\nMaterial: Papel Ilustracion 350 grs.<br \/>\nMedida: 9 cm. de di\u00e1metro<br \/>\nCantidad: 100 unidades<\/p>\n","protected":false},"featured_media":8247,"comment_status":"open","ping_status":"closed","template":"","meta":[],"product_brand":[],"product_cat":[440,15],"product_tag":[436,252,435,437],"class_list":{"0":"post-3365","1":"product","2":"type-product","3":"status-publish","4":"has-post-thumbnail","6":"product_cat-posavasos","7":"product_cat-ver-todo","8":"product_tag-carton","9":"product_tag-personalizados","10":"product_tag-posavasos","11":"product_tag-posavasos-de-carton-personalizados","13":"first","14":"instock","15":"shipping-taxable","16":"purchasable","17":"product-type-variable","18":"has-default-attributes"},"_links":{"self":[{"href":"https:\/\/imprentadubie.com.ar\/web\/wp-json\/wp\/v2\/product\/3365","targetHints":{"allow":["GET"]}}],"collection":[{"href":"https:\/\/imprentadubie.com.ar\/web\/wp-json\/wp\/v2\/product"}],"about":[{"href":"https:\/\/imprentadubie.com.ar\/web\/wp-json\/wp\/v2\/types\/product"}],"replies":[{"embeddable":true,"href":"https:\/\/imprentadubie.com.ar\/web\/wp-json\/wp\/v2\/comments?post=3365"}],"wp:featuredmedia":[{"embeddable":true,"href":"https:\/\/imprentadubie.com.ar\/web\/wp-json\/wp\/v2\/media\/8247"}],"wp:attachment":[{"href":"https:\/\/imprentadubie.com.ar\/web\/wp-json\/wp\/v2\/media?parent=3365"}],"wp:term":[{"taxonomy":"product_brand","embeddable":true,"href":"https:\/\/imprentadubie.com.ar\/web\/wp-json\/wp\/v2\/product_brand?post=3365"},{"taxonomy":"product_cat","embeddable":true,"href":"https:\/\/imprentadubie.com.ar\/web\/wp-json\/wp\/v2\/product_cat?post=3365"},{"taxonomy":"product_tag","embeddable":true,"href":"https:\/\/imprentadubie.com.ar\/web\/wp-json\/wp\/v2\/product_tag?post=3365"}],"curies":[{"name":"wp","href":"https:\/\/api.w.org\/{rel}","templated":true}]}}