{"id":3397,"date":"2021-08-18T13:28:38","date_gmt":"2021-08-18T16:28:38","guid":{"rendered":"https:\/\/imprentadubie.com.ar\/web\/?post_type=product&#038;p=3397"},"modified":"2026-02-19T17:31:23","modified_gmt":"2026-02-19T20:31:23","slug":"manteles-individuales-personalizados-papel-obra-x1000","status":"publish","type":"product","link":"https:\/\/imprentadubie.com.ar\/web\/producto\/manteles-individuales-personalizados-papel-obra-x1000\/","title":{"rendered":"Manteles \/ Individuales Personalizados en Papel Obra x1000"},"content":{"rendered":"<p><em><strong>Si hay que armar el dise\u00f1o, se agregan m\u00e1s d\u00edas al tiempo de producci\u00f3n (con su costo correspondiente)&#8230;<\/strong><\/em><\/p>\n<p><em>IMPORTANTE: En el caso de desear el armado del dise\u00f1o, debe agregar el adicional al carrito antes de finalizar la compra.<\/em><\/p>\n<p><em><strong>Ver y agregar adicional <a href=\"https:\/\/imprentadubie.com.ar\/web\/categoria-producto\/disenos\/adicional-diseno-productos-frente\/\">AQU\u00cd<\/a><\/strong><\/em><\/p>\n","protected":false},"excerpt":{"rendered":"<p>Impresi\u00f3n de frente en tinta negra sin plenos ni fondos<br \/>\nMaterial: Papel Obra<br \/>\nMedida: A3 (29,7x42cm.)<br \/>\n\u00c1rea de impresi\u00f3n: 28x41cm.<br \/>\nCantidad: 1000 unidades<\/p>\n","protected":false},"featured_media":3824,"comment_status":"open","ping_status":"closed","template":"","meta":[],"product_brand":[],"product_cat":[444,15],"product_tag":[446,445,447,191,71,252],"class_list":{"0":"post-3397","1":"product","2":"type-product","3":"status-publish","4":"has-post-thumbnail","6":"product_cat-manteles-individuales","7":"product_cat-ver-todo","8":"product_tag-individuales","9":"product_tag-manteles","10":"product_tag-manteles-individuales-personalizados-papel-obra","11":"product_tag-obra","12":"product_tag-papel","13":"product_tag-personalizados","14":"product_shipping_class-envio-pack","16":"first","17":"instock","18":"shipping-taxable","19":"purchasable","20":"product-type-variable","21":"has-default-attributes"},"_links":{"self":[{"href":"https:\/\/imprentadubie.com.ar\/web\/wp-json\/wp\/v2\/product\/3397","targetHints":{"allow":["GET"]}}],"collection":[{"href":"https:\/\/imprentadubie.com.ar\/web\/wp-json\/wp\/v2\/product"}],"about":[{"href":"https:\/\/imprentadubie.com.ar\/web\/wp-json\/wp\/v2\/types\/product"}],"replies":[{"embeddable":true,"href":"https:\/\/imprentadubie.com.ar\/web\/wp-json\/wp\/v2\/comments?post=3397"}],"wp:featuredmedia":[{"embeddable":true,"href":"https:\/\/imprentadubie.com.ar\/web\/wp-json\/wp\/v2\/media\/3824"}],"wp:attachment":[{"href":"https:\/\/imprentadubie.com.ar\/web\/wp-json\/wp\/v2\/media?parent=3397"}],"wp:term":[{"taxonomy":"product_brand","embeddable":true,"href":"https:\/\/imprentadubie.com.ar\/web\/wp-json\/wp\/v2\/product_brand?post=3397"},{"taxonomy":"product_cat","embeddable":true,"href":"https:\/\/imprentadubie.com.ar\/web\/wp-json\/wp\/v2\/product_cat?post=3397"},{"taxonomy":"product_tag","embeddable":true,"href":"https:\/\/imprentadubie.com.ar\/web\/wp-json\/wp\/v2\/product_tag?post=3397"}],"curies":[{"name":"wp","href":"https:\/\/api.w.org\/{rel}","templated":true}]}}