{"id":3400,"date":"2021-08-18T15:35:30","date_gmt":"2021-08-18T18:35:30","guid":{"rendered":"https:\/\/imprentadubie.com.ar\/web\/?post_type=product&#038;p=3400"},"modified":"2026-02-19T17:31:54","modified_gmt":"2026-02-19T20:31:54","slug":"manteles-individuales-personalizados-papel-kraft-misionero-x500","status":"publish","type":"product","link":"https:\/\/imprentadubie.com.ar\/web\/producto\/manteles-individuales-personalizados-papel-kraft-misionero-x500\/","title":{"rendered":"Manteles \/ Individuales Personalizados en Papel Nat Ecologico x500"},"content":{"rendered":"<p><em><strong>Si hay que armar el dise\u00f1o, se agregan m\u00e1s d\u00edas al tiempo de producci\u00f3n (con su costo correspondiente)&#8230;<\/strong><\/em><\/p>\n<p><em>IMPORTANTE: En el caso de desear el armado del dise\u00f1o, debe agregar el adicional al carrito antes de finalizar la compra.<\/em><\/p>\n<p><em><strong>Ver y agregar adicional <a href=\"https:\/\/imprentadubie.com.ar\/web\/categoria-producto\/disenos\/adicional-diseno-productos-frente\/\">AQU\u00cd<\/a><\/strong><\/em><\/p>\n","protected":false},"excerpt":{"rendered":"<p>Impresi\u00f3n de frente en tinta negra sin plenos ni fondos<br \/>\nMaterial: Papel Nat Ecologico<br \/>\nMedida: A3 (29,7x42cm.)<br \/>\n\u00c1rea de impresi\u00f3n: 28x41cm.<br \/>\nCantidad: 500 unidades<\/p>\n","protected":false},"featured_media":3822,"comment_status":"open","ping_status":"closed","template":"","meta":[],"product_brand":[],"product_cat":[444,450,56,15],"product_tag":[446,405,445,449,448,71,252],"class_list":{"0":"post-3400","1":"product","2":"type-product","3":"status-publish","4":"has-post-thumbnail","6":"product_cat-manteles-individuales","7":"product_cat-oferta-del-mes","8":"product_cat-promos","9":"product_cat-ver-todo","10":"product_tag-individuales","11":"product_tag-kraft","12":"product_tag-manteles","13":"product_tag-manteles-individuales-papel-kraft-misionero","14":"product_tag-misionero","15":"product_tag-papel","16":"product_tag-personalizados","17":"product_shipping_class-envio-pack","19":"first","20":"instock","21":"shipping-taxable","22":"purchasable","23":"product-type-simple"},"_links":{"self":[{"href":"https:\/\/imprentadubie.com.ar\/web\/wp-json\/wp\/v2\/product\/3400","targetHints":{"allow":["GET"]}}],"collection":[{"href":"https:\/\/imprentadubie.com.ar\/web\/wp-json\/wp\/v2\/product"}],"about":[{"href":"https:\/\/imprentadubie.com.ar\/web\/wp-json\/wp\/v2\/types\/product"}],"replies":[{"embeddable":true,"href":"https:\/\/imprentadubie.com.ar\/web\/wp-json\/wp\/v2\/comments?post=3400"}],"wp:featuredmedia":[{"embeddable":true,"href":"https:\/\/imprentadubie.com.ar\/web\/wp-json\/wp\/v2\/media\/3822"}],"wp:attachment":[{"href":"https:\/\/imprentadubie.com.ar\/web\/wp-json\/wp\/v2\/media?parent=3400"}],"wp:term":[{"taxonomy":"product_brand","embeddable":true,"href":"https:\/\/imprentadubie.com.ar\/web\/wp-json\/wp\/v2\/product_brand?post=3400"},{"taxonomy":"product_cat","embeddable":true,"href":"https:\/\/imprentadubie.com.ar\/web\/wp-json\/wp\/v2\/product_cat?post=3400"},{"taxonomy":"product_tag","embeddable":true,"href":"https:\/\/imprentadubie.com.ar\/web\/wp-json\/wp\/v2\/product_tag?post=3400"}],"curies":[{"name":"wp","href":"https:\/\/api.w.org\/{rel}","templated":true}]}}