{"id":4407,"date":"2021-09-14T09:05:41","date_gmt":"2021-09-14T12:05:41","guid":{"rendered":"https:\/\/imprentadubie.com.ar\/web\/?post_type=product&#038;p=4407"},"modified":"2026-02-24T15:47:36","modified_gmt":"2026-02-24T18:47:36","slug":"folletos-10x15cm-ilust-mate-150grs-frente-full-color-x200","status":"publish","type":"product","link":"https:\/\/imprentadubie.com.ar\/web\/producto\/folletos-10x15cm-ilust-mate-150grs-frente-full-color-x200\/","title":{"rendered":"Folletos 10x15cm. Ilustraci\u00f3n Mate 150 grs. Frente Full Color x200"},"content":{"rendered":"<p><em><strong>Si hay que armar el dise\u00f1o, se agregan m\u00e1s d\u00edas al tiempo de producci\u00f3n (con su costo correspondiente)&#8230;<\/strong><\/em><\/p>\n<p><em>IMPORTANTE: En el caso de desear el armado del dise\u00f1o, debe agregar el adicional al carrito antes de finalizar la compra.<\/em><\/p>\n<p><em><strong>Ver y agregar adicional <a href=\"https:\/\/imprentadubie.com.ar\/web\/categoria-producto\/disenos\/adicional-diseno-productos-frente\/\">AQU\u00cd<\/a><\/strong><\/em><\/p>\n","protected":false},"excerpt":{"rendered":"<p>Impresi\u00f3n de frente<br \/>\nMaterial: Papel Ilustraci\u00f3n Mate de 150 grs.<br \/>\nMedida: 10x15cm.<br \/>\nCantidad: 200 unidades<\/p>\n","protected":false},"featured_media":2567,"comment_status":"open","ping_status":"closed","template":"","meta":[],"product_brand":[],"product_cat":[47,15],"product_tag":[136,155,78,135],"class_list":{"0":"post-4407","1":"product","2":"type-product","3":"status-publish","4":"has-post-thumbnail","6":"product_cat-folletos","7":"product_cat-ver-todo","8":"product_tag-color","9":"product_tag-folletos","10":"product_tag-frente","11":"product_tag-full","12":"product_shipping_class-envio-pack","14":"first","15":"instock","16":"shipping-taxable","17":"purchasable","18":"product-type-variable","19":"has-default-attributes"},"_links":{"self":[{"href":"https:\/\/imprentadubie.com.ar\/web\/wp-json\/wp\/v2\/product\/4407","targetHints":{"allow":["GET"]}}],"collection":[{"href":"https:\/\/imprentadubie.com.ar\/web\/wp-json\/wp\/v2\/product"}],"about":[{"href":"https:\/\/imprentadubie.com.ar\/web\/wp-json\/wp\/v2\/types\/product"}],"replies":[{"embeddable":true,"href":"https:\/\/imprentadubie.com.ar\/web\/wp-json\/wp\/v2\/comments?post=4407"}],"wp:featuredmedia":[{"embeddable":true,"href":"https:\/\/imprentadubie.com.ar\/web\/wp-json\/wp\/v2\/media\/2567"}],"wp:attachment":[{"href":"https:\/\/imprentadubie.com.ar\/web\/wp-json\/wp\/v2\/media?parent=4407"}],"wp:term":[{"taxonomy":"product_brand","embeddable":true,"href":"https:\/\/imprentadubie.com.ar\/web\/wp-json\/wp\/v2\/product_brand?post=4407"},{"taxonomy":"product_cat","embeddable":true,"href":"https:\/\/imprentadubie.com.ar\/web\/wp-json\/wp\/v2\/product_cat?post=4407"},{"taxonomy":"product_tag","embeddable":true,"href":"https:\/\/imprentadubie.com.ar\/web\/wp-json\/wp\/v2\/product_tag?post=4407"}],"curies":[{"name":"wp","href":"https:\/\/api.w.org\/{rel}","templated":true}]}}