{"id":462,"date":"2019-12-26T16:28:39","date_gmt":"2019-12-26T19:28:39","guid":{"rendered":"https:\/\/imprentadubie.com.ar\/web\/?post_type=product&#038;p=462"},"modified":"2026-02-05T09:18:36","modified_gmt":"2026-02-05T12:18:36","slug":"cartel-de-venta-automotor-en-opp-blanco","status":"publish","type":"product","link":"https:\/\/imprentadubie.com.ar\/web\/producto\/cartel-de-venta-automotor-en-opp-blanco\/","title":{"rendered":"Cartel de Venta Automotor en OPP Blanco"},"content":{"rendered":"","protected":false},"excerpt":{"rendered":"<p>Se pueden editar solo dos lineas + N\u00famero de tel\u00e9fono<br \/>\nMaterial: Papel autoadhesivo OPP Blanco<br \/>\nMedida: 19x11cm.<br \/>\nCantidad: 3 unidades<\/p>\n<p><strong><em>ENVIAR ESPECIFICACIONES A: <a href=\"mailto:info@dubie.com.ar\">info@dubie.com.ar<\/a><\/em><\/strong><\/p>\n<p><strong><em>TIEMPO DE PRODUCCI\u00d3N: 2 A 3 D\u00cdAS H\u00c1BILES<\/em><\/strong><\/p>\n","protected":false},"featured_media":1298,"comment_status":"open","ping_status":"closed","template":"","meta":[],"product_brand":[],"product_cat":[214,39,15],"product_tag":[61,62,64,59,63,60],"class_list":{"0":"post-462","1":"product","2":"type-product","3":"status-publish","4":"has-post-thumbnail","6":"product_cat-carteles","7":"product_cat-venta-automotor","8":"product_cat-ver-todo","9":"product_tag-auto","10":"product_tag-automotor","11":"product_tag-blanco","12":"product_tag-cartel","13":"product_tag-opp","14":"product_tag-venta","15":"product_shipping_class-envio-pack","17":"first","18":"instock","19":"shipping-taxable","20":"purchasable","21":"product-type-variable","22":"has-default-attributes"},"_links":{"self":[{"href":"https:\/\/imprentadubie.com.ar\/web\/wp-json\/wp\/v2\/product\/462","targetHints":{"allow":["GET"]}}],"collection":[{"href":"https:\/\/imprentadubie.com.ar\/web\/wp-json\/wp\/v2\/product"}],"about":[{"href":"https:\/\/imprentadubie.com.ar\/web\/wp-json\/wp\/v2\/types\/product"}],"replies":[{"embeddable":true,"href":"https:\/\/imprentadubie.com.ar\/web\/wp-json\/wp\/v2\/comments?post=462"}],"wp:featuredmedia":[{"embeddable":true,"href":"https:\/\/imprentadubie.com.ar\/web\/wp-json\/wp\/v2\/media\/1298"}],"wp:attachment":[{"href":"https:\/\/imprentadubie.com.ar\/web\/wp-json\/wp\/v2\/media?parent=462"}],"wp:term":[{"taxonomy":"product_brand","embeddable":true,"href":"https:\/\/imprentadubie.com.ar\/web\/wp-json\/wp\/v2\/product_brand?post=462"},{"taxonomy":"product_cat","embeddable":true,"href":"https:\/\/imprentadubie.com.ar\/web\/wp-json\/wp\/v2\/product_cat?post=462"},{"taxonomy":"product_tag","embeddable":true,"href":"https:\/\/imprentadubie.com.ar\/web\/wp-json\/wp\/v2\/product_tag?post=462"}],"curies":[{"name":"wp","href":"https:\/\/api.w.org\/{rel}","templated":true}]}}