{"id":478,"date":"2019-12-26T18:44:52","date_gmt":"2019-12-26T21:44:52","guid":{"rendered":"https:\/\/imprentadubie.com.ar\/web\/?post_type=product&#038;p=478"},"modified":"2026-03-11T10:51:27","modified_gmt":"2026-03-11T13:51:27","slug":"desarrollo-de-logo","status":"publish","type":"product","link":"https:\/\/imprentadubie.com.ar\/web\/producto\/desarrollo-de-logo\/","title":{"rendered":"Desarrollo de Logo"},"content":{"rendered":"","protected":false},"excerpt":{"rendered":"<p>Hacemos el desarrollo del mismo una vez recopilada toda la informaci\u00f3n que env\u00ede por e-mail.<br \/>\nCuando se finaliza el mismo, se env\u00eda el archivo editable en Illustrator.<br \/>\n<em>El logotipo se define como un s\u00edmbolo formado por im\u00e1genes o letras que sirve para identificar una empresa, marca, instituci\u00f3n o sociedad y las cosas que tienen relaci\u00f3n con ellas. Lo m\u00e1s importante de un logotipo es que sea: LEGIBLE independientemente del tama\u00f1o al que lo usemos.<\/em><\/p>\n<p><strong><em>ENVIAR ESPECIFICACIONES A: <a href=\"mailto:info@dubie.com.ar\">info@dubie.com.ar<\/a><\/em><\/strong><\/p>\n<p><strong><em>TIEMPO DE PRODUCCI\u00d3N: 15 D\u00cdAS H\u00c1BILES<\/em><\/strong><\/p>\n","protected":false},"featured_media":1361,"comment_status":"open","ping_status":"closed","template":"","meta":[],"product_brand":[],"product_cat":[58],"product_tag":[81,75,82],"class_list":{"0":"post-478","1":"product","2":"type-product","3":"status-publish","4":"has-post-thumbnail","6":"product_cat-disenos","7":"product_tag-desarrollo","8":"product_tag-diseno","9":"product_tag-logo","10":"product_shipping_class-a-cargo-del-cliente","12":"first","13":"instock","14":"shipping-taxable","15":"purchasable","16":"product-type-variable","17":"has-default-attributes"},"_links":{"self":[{"href":"https:\/\/imprentadubie.com.ar\/web\/wp-json\/wp\/v2\/product\/478","targetHints":{"allow":["GET"]}}],"collection":[{"href":"https:\/\/imprentadubie.com.ar\/web\/wp-json\/wp\/v2\/product"}],"about":[{"href":"https:\/\/imprentadubie.com.ar\/web\/wp-json\/wp\/v2\/types\/product"}],"replies":[{"embeddable":true,"href":"https:\/\/imprentadubie.com.ar\/web\/wp-json\/wp\/v2\/comments?post=478"}],"wp:featuredmedia":[{"embeddable":true,"href":"https:\/\/imprentadubie.com.ar\/web\/wp-json\/wp\/v2\/media\/1361"}],"wp:attachment":[{"href":"https:\/\/imprentadubie.com.ar\/web\/wp-json\/wp\/v2\/media?parent=478"}],"wp:term":[{"taxonomy":"product_brand","embeddable":true,"href":"https:\/\/imprentadubie.com.ar\/web\/wp-json\/wp\/v2\/product_brand?post=478"},{"taxonomy":"product_cat","embeddable":true,"href":"https:\/\/imprentadubie.com.ar\/web\/wp-json\/wp\/v2\/product_cat?post=478"},{"taxonomy":"product_tag","embeddable":true,"href":"https:\/\/imprentadubie.com.ar\/web\/wp-json\/wp\/v2\/product_tag?post=478"}],"curies":[{"name":"wp","href":"https:\/\/api.w.org\/{rel}","templated":true}]}}