{"id":535,"date":"2019-12-30T09:47:43","date_gmt":"2019-12-30T12:47:43","guid":{"rendered":"https:\/\/imprentadubie.com.ar\/web\/?post_type=product&#038;p=535"},"modified":"2026-02-06T16:23:26","modified_gmt":"2026-02-06T19:23:26","slug":"talonarios-17-22-cm-tinta-negra-simples-duplicado","status":"publish","type":"product","link":"https:\/\/imprentadubie.com.ar\/web\/producto\/talonarios-17-22-cm-tinta-negra-simples-duplicado\/","title":{"rendered":"Talonarios AFIP 17x22cm. Tinta Negra Simples\/Duplicado"},"content":{"rendered":"<p><strong><em>ENVIAR ESPECIFICACIONES A: <a href=\"mailto:info@dubie.com.ar\">info@dubie.com.ar<\/a><\/em><\/strong><\/p>\n<p><em><strong>Si hay que armar el dise\u00f1o, se agregan m\u00e1s d\u00edas al tiempo de producci\u00f3n (con su costo correspondiente)&#8230;<\/strong><\/em><\/p>\n<p><em>IMPORTANTE: En el caso de desear el armado del dise\u00f1o, debe agregar el adicional al carrito antes de finalizar la compra.<\/em><\/p>\n<p><em><strong>Ver y agregar adicional <a href=\"https:\/\/imprentadubie.com.ar\/web\/categoria-producto\/disenos\/adicional-diseno-productos-frente\/\">AQU\u00cd<\/a><\/strong><\/em><\/p>\n","protected":false},"excerpt":{"rendered":"<p>Cada talonario viene de 50 n\u00fameros (puede seleccionar si son SIMPLES o por DUPLICADO)<br \/>\nPuntillado y abrochado de costado<br \/>\nMaterial: Papel Obra de 75 grs.<br \/>\nMedida: 17x22cm. (homologada x AFIP)<\/p>\n<p>Si son formularios oficiales (A.F.I.P.), debe enviar:<\/p>\n<ul>\n<li style=\"list-style-type: none\">\n<ul>\n<li>Fotocopia DNI del Titular<\/li>\n<li>Fotocopia Constancia de Inscripci\u00f3n de A.F.I.P.<\/li>\n<li>Fotocopia Constancia de Inscripci\u00f3n de Ingresos Brutos<\/li>\n<li>Constancia de CAI<\/li>\n<\/ul>\n<\/li>\n<\/ul>\n<p>IMPORTANTE: Incluye aplicaci\u00f3n de imagen en grisado y logo en cabezal superior.<\/p>\n","protected":false},"featured_media":1379,"comment_status":"open","ping_status":"closed","template":"","meta":[],"product_brand":[],"product_cat":[37,15],"product_tag":[131,134,132,128,130,127,126,129],"class_list":{"0":"post-535","1":"product","2":"type-product","3":"status-publish","4":"has-post-thumbnail","6":"product_cat-talonarios","7":"product_cat-ver-todo","8":"product_tag-17x22","9":"product_tag-afip","10":"product_tag-cm","11":"product_tag-duplicado","12":"product_tag-negra","13":"product_tag-simples","14":"product_tag-talonarios","15":"product_tag-tinta","16":"product_shipping_class-envio-pack","18":"first","19":"instock","20":"shipping-taxable","21":"purchasable","22":"product-type-variable","23":"has-default-attributes"},"_links":{"self":[{"href":"https:\/\/imprentadubie.com.ar\/web\/wp-json\/wp\/v2\/product\/535","targetHints":{"allow":["GET"]}}],"collection":[{"href":"https:\/\/imprentadubie.com.ar\/web\/wp-json\/wp\/v2\/product"}],"about":[{"href":"https:\/\/imprentadubie.com.ar\/web\/wp-json\/wp\/v2\/types\/product"}],"replies":[{"embeddable":true,"href":"https:\/\/imprentadubie.com.ar\/web\/wp-json\/wp\/v2\/comments?post=535"}],"wp:featuredmedia":[{"embeddable":true,"href":"https:\/\/imprentadubie.com.ar\/web\/wp-json\/wp\/v2\/media\/1379"}],"wp:attachment":[{"href":"https:\/\/imprentadubie.com.ar\/web\/wp-json\/wp\/v2\/media?parent=535"}],"wp:term":[{"taxonomy":"product_brand","embeddable":true,"href":"https:\/\/imprentadubie.com.ar\/web\/wp-json\/wp\/v2\/product_brand?post=535"},{"taxonomy":"product_cat","embeddable":true,"href":"https:\/\/imprentadubie.com.ar\/web\/wp-json\/wp\/v2\/product_cat?post=535"},{"taxonomy":"product_tag","embeddable":true,"href":"https:\/\/imprentadubie.com.ar\/web\/wp-json\/wp\/v2\/product_tag?post=535"}],"curies":[{"name":"wp","href":"https:\/\/api.w.org\/{rel}","templated":true}]}}