{"id":587,"date":"2019-12-30T10:57:43","date_gmt":"2019-12-30T13:57:43","guid":{"rendered":"https:\/\/imprentadubie.com.ar\/web\/?post_type=product&#038;p=587"},"modified":"2026-01-28T09:22:16","modified_gmt":"2026-01-28T12:22:16","slug":"promo-talonarios-17x22cm-tinta-negra-simples-duplicado","status":"publish","type":"product","link":"https:\/\/imprentadubie.com.ar\/web\/producto\/promo-talonarios-17x22cm-tinta-negra-simples-duplicado\/","title":{"rendered":"10 Talonarios 15x20cm. Tinta Negra Simples\/Duplicado"},"content":{"rendered":"<p><em><strong>Si hay que armar el dise\u00f1o, se agregan m\u00e1s d\u00edas al tiempo de producci\u00f3n (con su costo correspondiente)&#8230;<\/strong><\/em><\/p>\n<p><em>IMPORTANTE: En el caso de desear el armado del dise\u00f1o, debe agregar el adicional al carrito antes de finalizar la compra.<\/em><\/p>\n<p><em><strong>Ver y agregar adicional <a href=\"https:\/\/imprentadubie.com.ar\/web\/categoria-producto\/disenos\/adicional-diseno-productos-frente\/\">AQU\u00cd<\/a><\/strong><\/em><\/p>\n","protected":false},"excerpt":{"rendered":"<p><em><strong>Talonarios mitad hoja A4 (NO MEDIDA HOMOLOGADA AFIP). <\/strong><\/em>Cada talonario viene de 50 n\u00fameros (puede seleccionar si son SIMPLES o por DUPLICADO)<br \/>\nPuntillado y abrochado de cabeza<br \/>\nMaterial: Papel Obra de 75 grs.<br \/>\nMedida: 15x20m.<br \/>\nCantidad: 10 Talonarios<\/p>\n<p>IMPORTANTE: Incluye aplicaci\u00f3n de imagen en grisado y logo en cabezal superior.<\/p>\n","protected":false},"featured_media":1379,"comment_status":"open","ping_status":"closed","template":"","meta":[],"product_brand":[],"product_cat":[450,56,37,15],"product_tag":[131,134,132,128,130,137,127,126,129],"class_list":{"0":"post-587","1":"product","2":"type-product","3":"status-publish","4":"has-post-thumbnail","6":"product_cat-oferta-del-mes","7":"product_cat-promos","8":"product_cat-talonarios","9":"product_cat-ver-todo","10":"product_tag-17x22","11":"product_tag-afip","12":"product_tag-cm","13":"product_tag-duplicado","14":"product_tag-negra","15":"product_tag-promo","16":"product_tag-simples","17":"product_tag-talonarios","18":"product_tag-tinta","19":"product_shipping_class-envio-pack","21":"first","22":"instock","23":"shipping-taxable","24":"purchasable","25":"product-type-variable","26":"has-default-attributes"},"_links":{"self":[{"href":"https:\/\/imprentadubie.com.ar\/web\/wp-json\/wp\/v2\/product\/587","targetHints":{"allow":["GET"]}}],"collection":[{"href":"https:\/\/imprentadubie.com.ar\/web\/wp-json\/wp\/v2\/product"}],"about":[{"href":"https:\/\/imprentadubie.com.ar\/web\/wp-json\/wp\/v2\/types\/product"}],"replies":[{"embeddable":true,"href":"https:\/\/imprentadubie.com.ar\/web\/wp-json\/wp\/v2\/comments?post=587"}],"wp:featuredmedia":[{"embeddable":true,"href":"https:\/\/imprentadubie.com.ar\/web\/wp-json\/wp\/v2\/media\/1379"}],"wp:attachment":[{"href":"https:\/\/imprentadubie.com.ar\/web\/wp-json\/wp\/v2\/media?parent=587"}],"wp:term":[{"taxonomy":"product_brand","embeddable":true,"href":"https:\/\/imprentadubie.com.ar\/web\/wp-json\/wp\/v2\/product_brand?post=587"},{"taxonomy":"product_cat","embeddable":true,"href":"https:\/\/imprentadubie.com.ar\/web\/wp-json\/wp\/v2\/product_cat?post=587"},{"taxonomy":"product_tag","embeddable":true,"href":"https:\/\/imprentadubie.com.ar\/web\/wp-json\/wp\/v2\/product_tag?post=587"}],"curies":[{"name":"wp","href":"https:\/\/api.w.org\/{rel}","templated":true}]}}