{"id":624,"date":"2019-12-30T11:58:09","date_gmt":"2019-12-30T14:58:09","guid":{"rendered":"https:\/\/imprentadubie.com.ar\/web\/?post_type=product&#038;p=624"},"modified":"2026-02-24T14:50:17","modified_gmt":"2026-02-24T17:50:17","slug":"tarjetas-estandar-frente-y-dorso-x200","status":"publish","type":"product","link":"https:\/\/imprentadubie.com.ar\/web\/producto\/tarjetas-estandar-frente-y-dorso-x200\/","title":{"rendered":"Tarjetas 8,5x5cm. Frente y Dorso x200"},"content":{"rendered":"<p><em><strong>Si hay que armar el dise\u00f1o, se agregan m\u00e1s d\u00edas al tiempo de producci\u00f3n (con su costo correspondiente)&#8230;<\/strong><\/em><\/p>\n<p><em>IMPORTANTE: En el caso de desear el armado del dise\u00f1o, debe agregar el adicional al carrito antes de finalizar la compra.<\/em><\/p>\n<p><em><strong>Ver y agregar adicional <a href=\"https:\/\/imprentadubie.com.ar\/web\/categoria-producto\/disenos\/adicional-diseno-productos-frente-dorso\/\">AQU\u00cd<\/a><\/strong><\/em><\/p>\n","protected":false},"excerpt":{"rendered":"<p>Impresi\u00f3n de frente y dorso<br \/>\nMaterial: Papel Ilustraci\u00f3n Mate de 300 grs.<br \/>\nMedida: 8,5x5cm.<br \/>\nCantidad: 200 unidades<\/p>\n","protected":false},"featured_media":2581,"comment_status":"open","ping_status":"closed","template":"","meta":[],"product_brand":[],"product_cat":[43,15],"product_tag":[80,144,78,143],"class_list":{"0":"post-624","1":"product","2":"type-product","3":"status-publish","4":"has-post-thumbnail","6":"product_cat-tarjetas","7":"product_cat-ver-todo","8":"product_tag-dorso","9":"product_tag-estandar","10":"product_tag-frente","11":"product_tag-tarjetas","12":"product_shipping_class-envio-pack","14":"first","15":"instock","16":"shipping-taxable","17":"purchasable","18":"product-type-variable","19":"has-default-attributes"},"_links":{"self":[{"href":"https:\/\/imprentadubie.com.ar\/web\/wp-json\/wp\/v2\/product\/624","targetHints":{"allow":["GET"]}}],"collection":[{"href":"https:\/\/imprentadubie.com.ar\/web\/wp-json\/wp\/v2\/product"}],"about":[{"href":"https:\/\/imprentadubie.com.ar\/web\/wp-json\/wp\/v2\/types\/product"}],"replies":[{"embeddable":true,"href":"https:\/\/imprentadubie.com.ar\/web\/wp-json\/wp\/v2\/comments?post=624"}],"wp:featuredmedia":[{"embeddable":true,"href":"https:\/\/imprentadubie.com.ar\/web\/wp-json\/wp\/v2\/media\/2581"}],"wp:attachment":[{"href":"https:\/\/imprentadubie.com.ar\/web\/wp-json\/wp\/v2\/media?parent=624"}],"wp:term":[{"taxonomy":"product_brand","embeddable":true,"href":"https:\/\/imprentadubie.com.ar\/web\/wp-json\/wp\/v2\/product_brand?post=624"},{"taxonomy":"product_cat","embeddable":true,"href":"https:\/\/imprentadubie.com.ar\/web\/wp-json\/wp\/v2\/product_cat?post=624"},{"taxonomy":"product_tag","embeddable":true,"href":"https:\/\/imprentadubie.com.ar\/web\/wp-json\/wp\/v2\/product_tag?post=624"}],"curies":[{"name":"wp","href":"https:\/\/api.w.org\/{rel}","templated":true}]}}